{"id":2,"date":"2008-03-31T09:13:02","date_gmt":"2008-03-31T14:13:02","guid":{"rendered":"https:\/\/sompares.quelijaume.net\/?page_id=2"},"modified":"2009-03-27T15:28:14","modified_gmt":"2009-03-27T14:28:14","slug":"quant-a","status":"publish","type":"page","link":"https:\/\/sompares.quelijaume.net\/?page_id=2","title":{"rendered":"I perqu\u00e8&#8230;?"},"content":{"rendered":"<p>Hem pensat que seguint el costum, ja que des de sempre hem fet i mantingut webs, qu\u00e8 menys que fer com a la boda i crear una web (ara, seguint la moda, un blog) on puguem plasmar les nostres viv\u00e8ncies (ep, no totes les entrades seran p\u00fabliques, per\u00f2!) i al mateix temps crear un canal de comunicaci\u00f3 molt m\u00e9s efica\u00e7 i interactiu que el correu electr\u00f2nic!<\/p>\n<p>Hem comprovat com serveix per mantenir informats a la fam\u00edlia i amics, mantenint-los al corrent de tot all\u00f2 interessant que succeeixi a partir d&#8217;ara. A m\u00e9s i donat que la Vera ha nascut molt prematura i amb molt baix pes, segur que servir\u00e0 la nostra experi\u00e8ncia per a molts altres pares que es troben en la mateixa situaci\u00f3 que ens vam trobar nosaltres: D&#8217;un dia per l&#8217;altre, tot es capgira i comencen moments de gran incertesa.<\/p>\n<p>Al final tot ha sortit b\u00e9 i continuem, fins avui!<\/p>\n","protected":false},"excerpt":{"rendered":"<p>Hem pensat que seguint el costum, ja que des de sempre hem fet i mantingut webs, qu\u00e8 menys que fer com a la boda i crear una web (ara, seguint la moda, un blog) on puguem plasmar les nostres viv\u00e8ncies (ep, no totes les entrades seran p\u00fabliques, per\u00f2!) i al mateix temps crear un canal de comunicaci\u00f3 molt m\u00e9s efica\u00e7 i interactiu que el correu electr\u00f2nic! Hem comprovat com serveix per mantenir informats a la fam\u00edlia i amics, mantenint-los al corrent de tot all\u00f2 interessant que succeeixi a partir d&#8217;ara. A m\u00e9s i donat que la Vera ha nascut molt prematura i amb molt baix pes, segur que servir\u00e0 la nostra experi\u00e8ncia per a molts altres pares que es troben en la mateixa situaci\u00f3 que ens vam trobar nosaltres: D&#8217;un dia per l&#8217;altre, tot es capgira i comencen moments de gran incertesa. Al final tot ha sortit b\u00e9 i continuem, fins avui!<\/p>\n","protected":false},"author":22,"featured_media":0,"parent":0,"menu_order":0,"comment_status":"open","ping_status":"open","template":"","meta":{"footnotes":""},"class_list":["post-2","page","type-page","status-publish","hentry"],"_links":{"self":[{"href":"https:\/\/sompares.quelijaume.net\/index.php?rest_route=\/wp\/v2\/pages\/2","targetHints":{"allow":["GET"]}}],"collection":[{"href":"https:\/\/sompares.quelijaume.net\/index.php?rest_route=\/wp\/v2\/pages"}],"about":[{"href":"https:\/\/sompares.quelijaume.net\/index.php?rest_route=\/wp\/v2\/types\/page"}],"author":[{"embeddable":true,"href":"https:\/\/sompares.quelijaume.net\/index.php?rest_route=\/wp\/v2\/users\/22"}],"replies":[{"embeddable":true,"href":"https:\/\/sompares.quelijaume.net\/index.php?rest_route=%2Fwp%2Fv2%2Fcomments&post=2"}],"version-history":[{"count":0,"href":"https:\/\/sompares.quelijaume.net\/index.php?rest_route=\/wp\/v2\/pages\/2\/revisions"}],"wp:attachment":[{"href":"https:\/\/sompares.quelijaume.net\/index.php?rest_route=%2Fwp%2Fv2%2Fmedia&parent=2"}],"curies":[{"name":"wp","href":"https:\/\/api.w.org\/{rel}","templated":true}]}}